{"id":182,"date":"2018-08-11T20:59:23","date_gmt":"2018-08-11T18:59:23","guid":{"rendered":"http:\/\/snppl.lu\/?page_id=182"},"modified":"2025-02-07T09:20:46","modified_gmt":"2025-02-07T08:20:46","slug":"demande-dadhesion","status":"publish","type":"page","link":"https:\/\/snppl.lu\/?page_id=182","title":{"rendered":"Hei kann een s\u00ebch umellen."},"content":{"rendered":"\n<p class=\"has-text-align-center has-very-dark-gray-color has-pale-cyan-blue-background-color has-text-color has-background\"><a href=\"https:\/\/snppl.lu\/wp-content\/uploads\/2020\/04\/Fiche-dadhe%CC%81sion-snppl.pdf\" target=\"_blank\" rel=\"noreferrer noopener\">Fiche d&#8217;adh\u00e9sion erooflueden<\/a><\/p>\n\n\n\n<p class=\"has-text-align-center has-vivid-cyan-blue-background-color has-background\"><a href=\"https:\/\/snppl.lu\/wp-content\/uploads\/2025\/02\/SNPPL-SEPA.pdf\">Domiciliation SEPA<\/a><\/p>\n\n\n\n<p>Dreckt weg aer Demande eraus.<br>Dono scheck eis deng Demande \u00ebnnerschriwwen an ausgef\u00ebllt op eis Adresse.<\/p>\n\n\n\n<p>(Eranscannen op info@snppl.lu oder mat der Post)<\/p>\n\n\n\n<p>Merci fir dain Vertrauen.<\/p>\n","protected":false},"excerpt":{"rendered":"<p>Fiche d&#8217;adh\u00e9sion erooflueden Domiciliation SEPA Dreckt weg aer Demande eraus.Dono scheck eis deng Demande \u00ebnnerschriwwen an ausgef\u00ebllt op eis Adresse. (Eranscannen op info@snppl.lu oder mat der Post) Merci fir dain Vertrauen.<\/p>\n","protected":false},"author":4,"featured_media":0,"parent":0,"menu_order":0,"comment_status":"closed","ping_status":"closed","template":"","meta":{"footnotes":""},"class_list":["post-182","page","type-page","status-publish","hentry"],"_links":{"self":[{"href":"https:\/\/snppl.lu\/index.php?rest_route=\/wp\/v2\/pages\/182","targetHints":{"allow":["GET"]}}],"collection":[{"href":"https:\/\/snppl.lu\/index.php?rest_route=\/wp\/v2\/pages"}],"about":[{"href":"https:\/\/snppl.lu\/index.php?rest_route=\/wp\/v2\/types\/page"}],"author":[{"embeddable":true,"href":"https:\/\/snppl.lu\/index.php?rest_route=\/wp\/v2\/users\/4"}],"replies":[{"embeddable":true,"href":"https:\/\/snppl.lu\/index.php?rest_route=%2Fwp%2Fv2%2Fcomments&post=182"}],"version-history":[{"count":15,"href":"https:\/\/snppl.lu\/index.php?rest_route=\/wp\/v2\/pages\/182\/revisions"}],"predecessor-version":[{"id":23259,"href":"https:\/\/snppl.lu\/index.php?rest_route=\/wp\/v2\/pages\/182\/revisions\/23259"}],"wp:attachment":[{"href":"https:\/\/snppl.lu\/index.php?rest_route=%2Fwp%2Fv2%2Fmedia&parent=182"}],"curies":[{"name":"wp","href":"https:\/\/api.w.org\/{rel}","templated":true}]}}